{"id":54,"date":"2020-09-12T15:56:46","date_gmt":"2020-09-12T13:56:46","guid":{"rendered":"http:\/\/badmintonclubsaintagreve.fr\/?page_id=54"},"modified":"2024-08-19T17:05:02","modified_gmt":"2024-08-19T15:05:02","slug":"actualite","status":"publish","type":"page","link":"https:\/\/badmintonclubsaintagreve.fr\/index.php\/actualite\/","title":{"rendered":"Actualit\u00e9"},"content":{"rendered":"\n<p>Rejoignez -nous sur les r\u00e9seaux sociaux pour suivre toute l&rsquo;actualit\u00e9 du Club au jour le jour. <\/p>\n\n\n\n<p>Le club est pr\u00e9sent sur <a href=\"https:\/\/www.facebook.com\/Badminton-Club-Saint-Agr%C3%A8vois-359678444150553\/?ref=bookmarks\" target=\"_blank\" rel=\"noreferrer noopener\">FaceBook<\/a> et <a rel=\"noreferrer noopener\" href=\"https:\/\/www.instagram.com\/?hl=fr\" data-type=\"URL\" data-id=\"https:\/\/www.instagram.com\/?hl=fr\" target=\"_blank\">Instagram<\/a><\/p>\n\n\n\n<p><\/p>\n\n\n\n<p><\/p>\n\n\n\n<p><\/p>\n\n\n\n<p><\/p>\n\n\n\n<p><\/p>\n","protected":false},"excerpt":{"rendered":"<p>Rejoignez -nous sur les r\u00e9seaux sociaux pour suivre toute l&rsquo;actualit\u00e9 du Club au jour le jour. Le club est pr\u00e9sent sur FaceBook et Instagram<\/p>\n","protected":false},"author":1,"featured_media":0,"parent":0,"menu_order":0,"comment_status":"closed","ping_status":"closed","template":"","meta":{"footnotes":""},"class_list":["post-54","page","type-page","status-publish","hentry"],"_links":{"self":[{"href":"https:\/\/badmintonclubsaintagreve.fr\/index.php\/wp-json\/wp\/v2\/pages\/54"}],"collection":[{"href":"https:\/\/badmintonclubsaintagreve.fr\/index.php\/wp-json\/wp\/v2\/pages"}],"about":[{"href":"https:\/\/badmintonclubsaintagreve.fr\/index.php\/wp-json\/wp\/v2\/types\/page"}],"author":[{"embeddable":true,"href":"https:\/\/badmintonclubsaintagreve.fr\/index.php\/wp-json\/wp\/v2\/users\/1"}],"replies":[{"embeddable":true,"href":"https:\/\/badmintonclubsaintagreve.fr\/index.php\/wp-json\/wp\/v2\/comments?post=54"}],"version-history":[{"count":7,"href":"https:\/\/badmintonclubsaintagreve.fr\/index.php\/wp-json\/wp\/v2\/pages\/54\/revisions"}],"predecessor-version":[{"id":88,"href":"https:\/\/badmintonclubsaintagreve.fr\/index.php\/wp-json\/wp\/v2\/pages\/54\/revisions\/88"}],"wp:attachment":[{"href":"https:\/\/badmintonclubsaintagreve.fr\/index.php\/wp-json\/wp\/v2\/media?parent=54"}],"curies":[{"name":"wp","href":"https:\/\/api.w.org\/{rel}","templated":true}]}}