{"id":24,"date":"2020-09-02T20:44:38","date_gmt":"2020-09-02T18:44:38","guid":{"rendered":"http:\/\/badmintonclubsaintagreve.fr\/?page_id=24"},"modified":"2025-10-14T12:38:32","modified_gmt":"2025-10-14T10:38:32","slug":"creneaux-et-horaires-2020-2021","status":"publish","type":"page","link":"https:\/\/badmintonclubsaintagreve.fr\/index.php\/creneaux-et-horaires-2020-2021\/","title":{"rendered":"Cr\u00e9neaux et horaires"},"content":{"rendered":"\n<p>Saison 2025\/2026 .<\/p>\n\n\n\n<ul class=\"wp-block-list\">\n<li>lundi 18h15 \u00e0 19h30  : enfants \u00e0 partir de 9 ans.<\/li>\n\n\n\n<li>lundi 19h30 \u00e0 23h : ados\/adultes.<\/li>\n\n\n\n<li>jeudi 16h45 \u00e0 18h15 : enfants \u00e0 partir de 9 ans.<\/li>\n\n\n\n<li>jeudi 18h15 \u00e0 19h30  : enfants \u00e0 partir de 9 ans.<\/li>\n\n\n\n<li>jeudi 20h00 \u00e0 23h : ados\/adultes.<\/li>\n\n\n\n<li>samedi 08h00 10h00 sur demande.<\/li>\n<\/ul>\n\n\n\n<p>Toutes les s\u00e9ances ont lieu au gymnase de Saint-Agr\u00e8ve.<br>Chaussures no-marking exig\u00e9es.<br>Pr\u00eat de mat\u00e9riel possible.<\/p>\n\n\n\n<p><\/p>\n","protected":false},"excerpt":{"rendered":"<p>Saison 2025\/2026 . Toutes les s\u00e9ances ont lieu au gymnase de Saint-Agr\u00e8ve.Chaussures no-marking exig\u00e9es.Pr\u00eat de mat\u00e9riel possible.<\/p>\n","protected":false},"author":1,"featured_media":0,"parent":0,"menu_order":0,"comment_status":"closed","ping_status":"closed","template":"","meta":{"footnotes":""},"class_list":["post-24","page","type-page","status-publish","hentry"],"_links":{"self":[{"href":"https:\/\/badmintonclubsaintagreve.fr\/index.php\/wp-json\/wp\/v2\/pages\/24"}],"collection":[{"href":"https:\/\/badmintonclubsaintagreve.fr\/index.php\/wp-json\/wp\/v2\/pages"}],"about":[{"href":"https:\/\/badmintonclubsaintagreve.fr\/index.php\/wp-json\/wp\/v2\/types\/page"}],"author":[{"embeddable":true,"href":"https:\/\/badmintonclubsaintagreve.fr\/index.php\/wp-json\/wp\/v2\/users\/1"}],"replies":[{"embeddable":true,"href":"https:\/\/badmintonclubsaintagreve.fr\/index.php\/wp-json\/wp\/v2\/comments?post=24"}],"version-history":[{"count":7,"href":"https:\/\/badmintonclubsaintagreve.fr\/index.php\/wp-json\/wp\/v2\/pages\/24\/revisions"}],"predecessor-version":[{"id":101,"href":"https:\/\/badmintonclubsaintagreve.fr\/index.php\/wp-json\/wp\/v2\/pages\/24\/revisions\/101"}],"wp:attachment":[{"href":"https:\/\/badmintonclubsaintagreve.fr\/index.php\/wp-json\/wp\/v2\/media?parent=24"}],"curies":[{"name":"wp","href":"https:\/\/api.w.org\/{rel}","templated":true}]}}